{"id":4658,"date":"2016-07-04T16:54:43","date_gmt":"2016-07-04T20:54:43","guid":{"rendered":"http:\/\/thewordonthestreet.ca\/toronto\/?page_id=4658"},"modified":"2019-05-03T16:21:53","modified_gmt":"2019-05-03T20:21:53","slug":"visiting-toronto","status":"publish","type":"page","link":"https:\/\/thewordonthestreet.ca\/toronto\/festival\/visiting-toronto\/","title":{"rendered":"Visiting Toronto"},"content":{"rendered":"<p>No matter where you&#8217;re coming from, The Word On The Street provides\u00a0amazing discounts to all its attendees to ensure your spending a lot on books, not travel.<\/p>\n<p>&#8211;<\/p>\n<p>Peu importe d\u2019o\u00f9 vous venez, The Word on the Street offre des rabais substantiels \u00e0 tous les participants pour les aider \u00e0 consacrer leur argent \u00e0 l\u2019achat de livres, et non \u00e0 leurs d\u00e9placements.<\/p>\n","protected":false},"excerpt":{"rendered":"<p>No matter where you&#8217;re coming from, The Word On The Street provides\u00a0amazing discounts to all its attendees to ensure your spending a lot on books, not travel. &#8211; Peu importe d\u2019o\u00f9 vous venez, The Word on the Street offre des rabais substantiels \u00e0 tous les participants pour les aider \u00e0 consacrer leur argent \u00e0 l\u2019achat <a class=\"read-more\" href=\"https:\/\/thewordonthestreet.ca\/toronto\/festival\/visiting-toronto\/\">[&#8230;]<\/a><\/p>\n","protected":false},"author":24,"featured_media":0,"parent":79,"menu_order":12,"comment_status":"closed","ping_status":"closed","template":"","meta":{"footnotes":""},"_links":{"self":[{"href":"https:\/\/thewordonthestreet.ca\/toronto\/wp-json\/wp\/v2\/pages\/4658"}],"collection":[{"href":"https:\/\/thewordonthestreet.ca\/toronto\/wp-json\/wp\/v2\/pages"}],"about":[{"href":"https:\/\/thewordonthestreet.ca\/toronto\/wp-json\/wp\/v2\/types\/page"}],"author":[{"embeddable":true,"href":"https:\/\/thewordonthestreet.ca\/toronto\/wp-json\/wp\/v2\/users\/24"}],"replies":[{"embeddable":true,"href":"https:\/\/thewordonthestreet.ca\/toronto\/wp-json\/wp\/v2\/comments?post=4658"}],"version-history":[{"count":69,"href":"https:\/\/thewordonthestreet.ca\/toronto\/wp-json\/wp\/v2\/pages\/4658\/revisions"}],"predecessor-version":[{"id":12562,"href":"https:\/\/thewordonthestreet.ca\/toronto\/wp-json\/wp\/v2\/pages\/4658\/revisions\/12562"}],"up":[{"embeddable":true,"href":"https:\/\/thewordonthestreet.ca\/toronto\/wp-json\/wp\/v2\/pages\/79"}],"wp:attachment":[{"href":"https:\/\/thewordonthestreet.ca\/toronto\/wp-json\/wp\/v2\/media?parent=4658"}],"curies":[{"name":"wp","href":"https:\/\/api.w.org\/{rel}","templated":true}]}}